{"id":19,"date":"2025-07-26T14:13:41","date_gmt":"2025-07-26T12:13:41","guid":{"rendered":"https:\/\/locfast.fr\/?page_id=19"},"modified":"2025-10-27T00:19:01","modified_gmt":"2025-10-26T22:19:01","slug":"accueil","status":"publish","type":"page","link":"https:\/\/locfast.fr\/","title":{"rendered":"Accueil"},"content":{"rendered":"\n<div class=\"wp-block-cover alignfull\" style=\"min-height:720px;aspect-ratio:unset;\"><span aria-hidden=\"true\" class=\"wp-block-cover__background has-background-dim-100 has-background-dim\" style=\"background-color:#3f51b5\"><\/span><div class=\"wp-block-cover__inner-container is-layout-flow wp-block-cover-is-layout-flow\">\n<div class=\"inherit-container-width wp-block-group alignwide is-layout-constrained wp-block-group-is-layout-constrained\">\n<div class=\"wp-block-media-text alignwide has-media-on-the-right is-stacked-on-mobile is-vertically-aligned-center\"><div class=\"wp-block-media-text__content\">\n<h1 class=\"wp-block-heading has-text-align-left has-white-color has-text-color has-x-large-font-size\">Des \u00e9tats des lieux et des contrats de location,<br>en quelques clics.<\/h1>\n\n\n\n<p class=\"has-white-color has-text-color\">Locfast permet de <strong>g\u00e9rer facilement une location<\/strong>. Tout devient simple et fluide.<\/p>\n\n\n\n<div class=\"wp-block-buttons is-layout-flex wp-block-buttons-is-layout-flex\">\n<div class=\"wp-block-button\"><a class=\"wp-block-button__link has-ast-global-color-4-background-color has-text-color has-background has-link-color has-medium-font-size has-custom-font-size wp-element-button\" href=\"http:\/\/app.locfast.fr\" style=\"color:#3f51b5\" target=\"_blank\" rel=\"noreferrer noopener\">Testez l&rsquo;application en ligne<\/a><\/div>\n<\/div>\n<\/div><figure class=\"wp-block-media-text__media\"><img loading=\"lazy\" decoding=\"async\" width=\"1024\" height=\"1024\" src=\"http:\/\/locfast.fr\/wp-content\/uploads\/2025\/07\/For-sale-amico-1024x1024.png\" alt=\"\" class=\"wp-image-43 size-full\" srcset=\"https:\/\/locfast.fr\/wp-content\/uploads\/2025\/07\/For-sale-amico-1024x1024.png 1024w, https:\/\/locfast.fr\/wp-content\/uploads\/2025\/07\/For-sale-amico-300x300.png 300w, https:\/\/locfast.fr\/wp-content\/uploads\/2025\/07\/For-sale-amico-150x150.png 150w, https:\/\/locfast.fr\/wp-content\/uploads\/2025\/07\/For-sale-amico-768x768.png 768w, https:\/\/locfast.fr\/wp-content\/uploads\/2025\/07\/For-sale-amico-1536x1536.png 1536w, https:\/\/locfast.fr\/wp-content\/uploads\/2025\/07\/For-sale-amico.png 2000w\" sizes=\"auto, (max-width: 1024px) 100vw, 1024px\" \/><\/figure><\/div>\n<\/div>\n<\/div><\/div>\n\n\n\n<div class=\"wp-block-group alignfull has-ast-global-color-5-background-color has-background is-layout-constrained wp-container-core-group-is-layout-9cedb757 wp-block-group-is-layout-constrained\" style=\"padding-bottom:0px\">\n<div class=\"wp-block-columns are-vertically-aligned-top is-layout-flex wp-container-core-columns-is-layout-00723822 wp-block-columns-is-layout-flex\">\n<div class=\"wp-block-column is-vertically-aligned-top is-layout-flow wp-container-core-column-is-layout-6b73ce23 wp-block-column-is-layout-flow\">\n<figure class=\"wp-block-image size-large\"><img decoding=\"async\" src=\"https:\/\/locfast.fr\/wp-content\/themes\/astra\/inc\/assets\/images\/starter-content\/building.svg\" alt=\"\" class=\"wp-image-134\"\/><\/figure>\n\n\n\n<h3 class=\"wp-block-heading has-text-align-left\" style=\"margin-top:16px\">Propri\u00e9taires particuliers<\/h3>\n\n\n\n<p class=\"has-text-align-left\">G\u00e9rez un ou plusieurs logements lou\u00e9s sans faire appel \u00e0 une agence.<br>Locfast simplifie tout, m\u00eame sans comp\u00e9tences juridiques.<\/p>\n\n\n\n<p class=\"has-text-align-left\"><\/p>\n<\/div>\n\n\n\n<div class=\"wp-block-column is-vertically-aligned-top is-layout-flow wp-container-core-column-is-layout-6b73ce23 wp-block-column-is-layout-flow\">\n<figure class=\"wp-block-image size-large\"><img decoding=\"async\" src=\"https:\/\/locfast.fr\/wp-content\/themes\/astra\/inc\/assets\/images\/starter-content\/shopping-bag.svg\" alt=\"\" class=\"wp-image-135\"\/><\/figure>\n\n\n\n<h3 class=\"wp-block-heading has-text-align-left\" style=\"margin-top:16px\">Loueurs saisonniers<\/h3>\n\n\n\n<p class=\"has-text-align-left\">Cr\u00e9ez rapidement un \u00e9tat des lieux entre deux locations meubl\u00e9es.<br>Parfait pour Airbnb, Booking, ou location directe.<\/p>\n\n\n\n<p class=\"has-text-align-left\"><\/p>\n<\/div>\n\n\n\n<div class=\"wp-block-column is-vertically-aligned-top is-layout-flow wp-container-core-column-is-layout-6b73ce23 wp-block-column-is-layout-flow\">\n<figure class=\"wp-block-image size-large\"><img decoding=\"async\" src=\"https:\/\/locfast.fr\/wp-content\/themes\/astra\/inc\/assets\/images\/starter-content\/blog.svg\" alt=\"\" class=\"wp-image-136\"\/><\/figure>\n\n\n\n<h3 class=\"wp-block-heading has-text-align-left\" style=\"margin-top:16px\">Micro-bailleurs professionnels<\/h3>\n\n\n\n<p class=\"has-text-align-left\">Vous louez plusieurs biens \u00e0 l\u2019ann\u00e9e ? Locfast centralise vos baux, quittances et suivis.<\/p>\n<\/div>\n\n\n\n<div class=\"wp-block-column is-vertically-aligned-top is-layout-flow wp-container-core-column-is-layout-6b73ce23 wp-block-column-is-layout-flow\">\n<figure class=\"wp-block-image size-large\"><img decoding=\"async\" src=\"https:\/\/locfast.fr\/wp-content\/themes\/astra\/inc\/assets\/images\/starter-content\/portfolio.svg\" alt=\"\" class=\"wp-image-137\"\/><\/figure>\n\n\n\n<h3 class=\"wp-block-heading has-text-align-left\" style=\"margin-top:16px\">Syndics b\u00e9n\u00e9voles \/ Co-propri\u00e9t\u00e9s<\/h3>\n\n\n\n<p class=\"has-text-align-left\">Gardez une trace des \u00e9tats des lieux pour les logements sociaux, colocations ou r\u00e9sidences \u00e9tudiantes.<\/p>\n<\/div>\n<\/div>\n<\/div>\n\n\n\n<div class=\"wp-block-group alignfull is-layout-constrained wp-container-core-group-is-layout-45b0ac4f wp-block-group-is-layout-constrained\" id=\"services\" style=\"padding-top:144px;padding-bottom:0px\">\n<h2 class=\"wp-block-heading\">Nos services<\/h2>\n\n\n\n<div class=\"wp-block-columns is-layout-flex wp-container-core-columns-is-layout-60cbf9bb wp-block-columns-is-layout-flex\" style=\"margin-top:50px\">\n<div class=\"wp-block-column is-layout-flow wp-container-core-column-is-layout-6b73ce23 wp-block-column-is-layout-flow\">\n<figure class=\"wp-block-image size-full is-resized\"><img decoding=\"async\" src=\"https:\/\/locfast.fr\/wp-content\/themes\/astra\/inc\/assets\/images\/starter-content\/branding.jpg\" alt=\"\" class=\"wp-image-230\" style=\"width:320px;height:auto\"\/><\/figure>\n\n\n\n<h3 class=\"wp-block-heading\" style=\"margin-top:16px\">\u00c9tats des lieux num\u00e9riques<\/h3>\n\n\n\n<p>G\u00e9n\u00e9rez des \u00e9tats des lieux d\u2019entr\u00e9e et de sortie rapidement, sur mobile ou sur ordinateur. Ajoutez des photos, des commentaires,les relev\u00e9s de compteurs. Et exportez un PDF clair, horodat\u00e9 et sign\u00e9.<\/p>\n\n\n\n<p><strong>Un seul outil pour ne rien oublier.<\/strong><\/p>\n<\/div>\n\n\n\n<div class=\"wp-block-column is-layout-flow wp-container-core-column-is-layout-6b73ce23 wp-block-column-is-layout-flow\">\n<figure class=\"wp-block-image size-full\"><img decoding=\"async\" src=\"https:\/\/locfast.fr\/wp-content\/themes\/astra\/inc\/assets\/images\/starter-content\/graphic.jpg\" alt=\"\" class=\"wp-image-232\"\/><\/figure>\n\n\n\n<h3 class=\"wp-block-heading\" style=\"margin-top:16px\">Gestion int\u00e9gr\u00e9e des documents locatifs<\/h3>\n\n\n\n<p>Locfast permettra de g\u00e9n\u00e9rer vos quittances de loyer quasi automatiquement et de g\u00e9n\u00e9rer votre bail de location, \u00e0 partir des infos d\u00e9j\u00e0 saisies (locataire, logement)<\/p>\n\n\n\n<p><strong>Plus besoin de saisir plusieurs fois les m\u00eames donn\u00e9es.<\/strong><\/p>\n<\/div>\n\n\n\n<div class=\"wp-block-column is-layout-flow wp-container-core-column-is-layout-6b73ce23 wp-block-column-is-layout-flow\">\n<figure class=\"wp-block-image size-full\"><img decoding=\"async\" src=\"https:\/\/locfast.fr\/wp-content\/themes\/astra\/inc\/assets\/images\/starter-content\/web.jpg\" alt=\"\" class=\"wp-image-231\"\/><\/figure>\n\n\n\n<h3 class=\"wp-block-heading\" style=\"margin-top:16px\">Donn\u00e9es s\u00e9curis\u00e9es &amp; tarification transparente<\/h3>\n\n\n\n<p>H\u00e9bergement en France, conforme RGPD. Acc\u00e8s hors-ligne possible sur l\u2019app. 1 \u00e9tat des lieux complet <strong>gratuit<\/strong>, puis 3 \u20ac \u00e0 l\u2019unit\u00e9 ou <strong>abonnement<\/strong> avec fonctions \u00e9tendues (quittances, baux, etc.).<\/p>\n\n\n\n<p><strong>Vous ma\u00eetrisez vos donn\u00e9es et vos co\u00fbts.<\/strong><\/p>\n<\/div>\n<\/div>\n<\/div>\n\n\n\n<div class=\"wp-block-group alignfull has-ast-global-color-5-background-color has-background is-layout-constrained wp-container-core-group-is-layout-94d206d0 wp-block-group-is-layout-constrained\" id=\"about\" style=\"padding-top:143px;padding-bottom:144px\">\n<div class=\"wp-block-media-text has-media-on-the-right is-stacked-on-mobile is-vertically-aligned-center is-image-fill-element\" style=\"grid-template-columns:auto 27%\"><div class=\"wp-block-media-text__content\">\n<div class=\"inherit-container-width wp-block-group is-layout-constrained wp-container-core-group-is-layout-47ce07ec wp-block-group-is-layout-constrained\" style=\"padding-right:80px\">\n<h2 class=\"wp-block-heading\" style=\"padding-right:40px\">\u00c0 propos<\/h2>\n\n\n\n<p>Locfast est n\u00e9 d\u2019un besoin concret : simplifier la gestion locative quand on n\u2019est ni agent immobilier ni expert en droit.<br>Pens\u00e9e pour les propri\u00e9taires exigeants mais d\u00e9bord\u00e9s, l&rsquo;application mise sur l\u2019efficacit\u00e9, l\u2019autonomie\u2026 et la clart\u00e9.<\/p>\n\n\n\n<p><em>Notre \u00e9quipe m\u00eale expertise num\u00e9rique et connaissance du terrain pour vous proposer une solution qui vous ressemble.<\/em><\/p>\n<\/div>\n\n\n\n<p>Image : <a href=\"https:\/\/storyset.com\/work\">Work illustrations by Storyset<\/a><\/p>\n<\/div><figure class=\"wp-block-media-text__media\"><img loading=\"lazy\" decoding=\"async\" width=\"1024\" height=\"1024\" src=\"http:\/\/locfast.fr\/wp-content\/uploads\/2025\/07\/team-checklist-pana-1024x1024.png\" alt=\"\" class=\"wp-image-48 size-full\" style=\"object-position:50% 50%\" srcset=\"https:\/\/locfast.fr\/wp-content\/uploads\/2025\/07\/team-checklist-pana-1024x1024.png 1024w, https:\/\/locfast.fr\/wp-content\/uploads\/2025\/07\/team-checklist-pana-300x300.png 300w, https:\/\/locfast.fr\/wp-content\/uploads\/2025\/07\/team-checklist-pana-150x150.png 150w, https:\/\/locfast.fr\/wp-content\/uploads\/2025\/07\/team-checklist-pana-768x768.png 768w, https:\/\/locfast.fr\/wp-content\/uploads\/2025\/07\/team-checklist-pana-1536x1536.png 1536w, https:\/\/locfast.fr\/wp-content\/uploads\/2025\/07\/team-checklist-pana.png 2000w\" sizes=\"auto, (max-width: 1024px) 100vw, 1024px\" \/><\/figure><\/div>\n<\/div>\n\n\n\n<div class=\"wp-block-group alignfull has-ast-global-color-4-background-color has-background is-layout-constrained wp-container-core-group-is-layout-6a2cfb7b wp-block-group-is-layout-constrained\" id=\"reviews\">\n<h2 class=\"wp-block-heading has-text-align-center\">Avis clients (lorem ipsum)<\/h2>\n\n\n\n<p><\/p>\n\n\n\n<p class=\"has-text-align-center\" style=\"font-size:22px;line-height:1.6\">\u00ab La g\u00e9n\u00e9ration de PDF est propre, et les compteurs personnalis\u00e9s sont un vrai plus ! \u00bb <strong> Beno\u00eet T.<\/strong><\/p>\n\n\n\n<p class=\"has-text-align-center\" style=\"font-size:22px;line-height:1.6\">\u00ab L\u2019appli m\u2019a permis de gagner un temps fou pour faire mes \u00e9tats des lieux entre deux locataires. \u00bb <strong>Julie M<\/strong><em>.<\/em><\/p>\n\n\n\n<p class=\"has-text-align-center\" style=\"font-size:22px;line-height:1.6\">\u00ab Simple, intuitif, rapide. Rien \u00e0 redire. \u00bb <strong>Nadia C.<\/strong><\/p>\n<\/div>\n\n\n\n<div class=\"wp-block-group alignfull is-layout-constrained wp-container-core-group-is-layout-3fee123f wp-block-group-is-layout-constrained\" id=\"whyus\" style=\"padding-top:144px;padding-bottom:144px\">\n<h2 class=\"wp-block-heading\">Pourquoi nous ?<\/h2>\n\n\n\n<div class=\"wp-block-columns is-layout-flex wp-container-core-columns-is-layout-29aadeec wp-block-columns-is-layout-flex\" style=\"margin-top:60px\">\n<div class=\"wp-block-column is-layout-flow wp-container-core-column-is-layout-6b73ce23 wp-block-column-is-layout-flow\">\n<figure class=\"wp-block-image size-large\"><img decoding=\"async\" src=\"https:\/\/locfast.fr\/wp-content\/themes\/astra\/inc\/assets\/images\/starter-content\/passionate.svg\" alt=\"\" class=\"wp-image-162\"\/><\/figure>\n\n\n\n<h3 class=\"wp-block-heading\" style=\"margin-top:16px\">Simplicit\u00e9<\/h3>\n\n\n\n<p>Con\u00e7ue pour les particuliers, l\u2019interface de Locfast est intuitive, claire et accessible sans formation.<br>Vous \u00eates guid\u00e9 \u00e0 chaque \u00e9tape, sans jargon technique.<\/p>\n<\/div>\n\n\n\n<div class=\"wp-block-column is-layout-flow wp-container-core-column-is-layout-6b73ce23 wp-block-column-is-layout-flow\">\n<figure class=\"wp-block-image size-large\"><img decoding=\"async\" src=\"https:\/\/locfast.fr\/wp-content\/themes\/astra\/inc\/assets\/images\/starter-content\/professional.svg\" alt=\"\" class=\"wp-image-163\"\/><\/figure>\n\n\n\n<h3 class=\"wp-block-heading\" style=\"margin-top:16px\">Professionnalisme<\/h3>\n\n\n\n<p>Vos \u00e9tats des lieux sont horodat\u00e9s, document\u00e9s, conformes aux attentes l\u00e9gales, et pr\u00eats \u00e0 \u00eatre sign\u00e9s.<br>Un rendu soign\u00e9, exportable en PDF professionnel.<\/p>\n<\/div>\n\n\n\n<div class=\"wp-block-column is-layout-flow wp-container-core-column-is-layout-6b73ce23 wp-block-column-is-layout-flow\">\n<figure class=\"wp-block-image size-large\"><img decoding=\"async\" src=\"https:\/\/locfast.fr\/wp-content\/themes\/astra\/inc\/assets\/images\/starter-content\/support.svg\" alt=\"\" class=\"wp-image-164\"\/><\/figure>\n\n\n\n<h3 class=\"wp-block-heading\" style=\"margin-top:16px\">Support humain &amp; souverain<\/h3>\n\n\n\n<p>Notre \u00e9quipe est fran\u00e7aise, \u00e0 l\u2019\u00e9coute, et vos donn\u00e9es sont h\u00e9berg\u00e9es en France, dans le respect du RGPD.<br>Pas de revente, pas de profilage.<\/p>\n<\/div>\n<\/div>\n<\/div>\n\n\n\n<div class=\"wp-block-group alignfull has-white-background-color has-background is-layout-constrained wp-container-core-group-is-layout-94d206d0 wp-block-group-is-layout-constrained\" id=\"about\" style=\"padding-top:143px;padding-bottom:144px\">\n<div class=\"wp-block-media-text has-media-on-the-right is-stacked-on-mobile is-vertically-aligned-center is-image-fill-element\" style=\"grid-template-columns:auto 27%\"><div class=\"wp-block-media-text__content\">\n<div class=\"inherit-container-width wp-block-group is-layout-constrained wp-container-core-group-is-layout-47ce07ec wp-block-group-is-layout-constrained\" style=\"padding-right:80px\">\n<h2 class=\"wp-block-heading\" style=\"padding-right:40px\">Contact<\/h2>\n\n\n\n<p><strong>Une question ? Une demande pro ?<\/strong><br><br><a href=\"mailto:contact@locfast.fr\" target=\"_blank\" rel=\"noreferrer noopener\">contact@locfast.fr<\/a><br><\/p>\n<\/div>\n<\/div><figure class=\"wp-block-media-text__media\"><\/figure><\/div>\n<\/div>\n\n\n\n<div class=\"wp-block-group alignfull has-background is-layout-constrained wp-container-core-group-is-layout-cfcca693 wp-block-group-is-layout-constrained\" id=\"contact\" style=\"background-color:#3f51b5;padding-top:104px;padding-bottom:104px\">\n<h2 class=\"wp-block-heading has-text-align-center has-text-color\" style=\"color:#ffffff\">T\u00e9l\u00e9chargez Locfast !<\/h2>\n\n\n\n<div class=\"wp-block-buttons alignwide is-horizontal is-content-justification-center is-layout-flex wp-container-core-buttons-is-layout-bba8380a wp-block-buttons-is-layout-flex\" style=\"margin-top:50px\">\n<div class=\"wp-block-button\"><a class=\"wp-block-button__link has-white-background-color has-background wp-element-button\">T\u00e9l\u00e9chargez l&rsquo;appli sur le store (\u00e0 venir)<\/a><\/div>\n<\/div>\n<\/div>\n\n\n\n<p><\/p>\n","protected":false},"excerpt":{"rendered":"<p>Propri\u00e9taires particuliers G\u00e9rez un ou plusieurs logements lou\u00e9s sans faire appel \u00e0 une agence.Locfast simplifie tout, m\u00eame sans comp\u00e9tences juridiques. [&hellip;]<\/p>\n","protected":false},"author":2,"featured_media":0,"parent":0,"menu_order":0,"comment_status":"closed","ping_status":"closed","template":"","meta":{"site-sidebar-layout":"no-sidebar","site-content-layout":"plain-container","ast-site-content-layout":"default","site-content-style":"default","site-sidebar-style":"default","ast-global-header-display":"","ast-banner-title-visibility":"","ast-main-header-display":"","ast-hfb-above-header-display":"","ast-hfb-below-header-display":"","ast-hfb-mobile-header-display":"","site-post-title":"disabled","ast-breadcrumbs-content":"","ast-featured-img":"","footer-sml-layout":"","theme-transparent-header-meta":"enabled","adv-header-id-meta":"","stick-header-meta":"","header-above-stick-meta":"","header-main-stick-meta":"","header-below-stick-meta":"","astra-migrate-meta-layouts":"default","ast-page-background-enabled":"default","ast-page-background-meta":{"desktop":{"background-color":"var(--ast-global-color-5)","background-image":"","background-repeat":"repeat","background-position":"center center","background-size":"auto","background-attachment":"scroll","background-type":"","background-media":"","overlay-type":"","overlay-color":"","overlay-opacity":"","overlay-gradient":""},"tablet":{"background-color":"","background-image":"","background-repeat":"repeat","background-position":"center center","background-size":"auto","background-attachment":"scroll","background-type":"","background-media":"","overlay-type":"","overlay-color":"","overlay-opacity":"","overlay-gradient":""},"mobile":{"background-color":"","background-image":"","background-repeat":"repeat","background-position":"center center","background-size":"auto","background-attachment":"scroll","background-type":"","background-media":"","overlay-type":"","overlay-color":"","overlay-opacity":"","overlay-gradient":""}},"ast-content-background-meta":{"desktop":{"background-color":"var(--ast-global-color-4)","background-image":"","background-repeat":"repeat","background-position":"center center","background-size":"auto","background-attachment":"scroll","background-type":"","background-media":"","overlay-type":"","overlay-color":"","overlay-opacity":"","overlay-gradient":""},"tablet":{"background-color":"var(--ast-global-color-4)","background-image":"","background-repeat":"repeat","background-position":"center center","background-size":"auto","background-attachment":"scroll","background-type":"","background-media":"","overlay-type":"","overlay-color":"","overlay-opacity":"","overlay-gradient":""},"mobile":{"background-color":"var(--ast-global-color-4)","background-image":"","background-repeat":"repeat","background-position":"center center","background-size":"auto","background-attachment":"scroll","background-type":"","background-media":"","overlay-type":"","overlay-color":"","overlay-opacity":"","overlay-gradient":""}},"footnotes":""},"class_list":["post-19","page","type-page","status-publish","hentry"],"_links":{"self":[{"href":"https:\/\/locfast.fr\/index.php\/wp-json\/wp\/v2\/pages\/19","targetHints":{"allow":["GET"]}}],"collection":[{"href":"https:\/\/locfast.fr\/index.php\/wp-json\/wp\/v2\/pages"}],"about":[{"href":"https:\/\/locfast.fr\/index.php\/wp-json\/wp\/v2\/types\/page"}],"author":[{"embeddable":true,"href":"https:\/\/locfast.fr\/index.php\/wp-json\/wp\/v2\/users\/2"}],"replies":[{"embeddable":true,"href":"https:\/\/locfast.fr\/index.php\/wp-json\/wp\/v2\/comments?post=19"}],"version-history":[{"count":19,"href":"https:\/\/locfast.fr\/index.php\/wp-json\/wp\/v2\/pages\/19\/revisions"}],"predecessor-version":[{"id":68,"href":"https:\/\/locfast.fr\/index.php\/wp-json\/wp\/v2\/pages\/19\/revisions\/68"}],"wp:attachment":[{"href":"https:\/\/locfast.fr\/index.php\/wp-json\/wp\/v2\/media?parent=19"}],"curies":[{"name":"wp","href":"https:\/\/api.w.org\/{rel}","templated":true}]}}